{"id":806,"date":"2023-10-06T17:55:18","date_gmt":"2023-10-06T15:55:18","guid":{"rendered":"https:\/\/buhgalter-praga.cz\/?page_id=806"},"modified":"2026-04-24T23:06:23","modified_gmt":"2026-04-24T21:06:23","slug":"kontakt","status":"publish","type":"page","link":"https:\/\/buhgalter-praga.cz\/en\/kontakt\/","title":{"rendered":"Contact"},"content":{"rendered":"\t\t<div data-elementor-type=\"wp-page\" data-elementor-id=\"806\" class=\"elementor elementor-806\" data-elementor-post-type=\"page\">\n\t\t\t\t\t\t<section class=\"elementor-section elementor-top-section elementor-element elementor-element-61be73c elementor-section-height-min-height elementor-section-boxed elementor-section-height-default elementor-section-items-middle\" data-id=\"61be73c\" data-element_type=\"section\" data-settings=\"{&quot;background_background&quot;:&quot;classic&quot;}\">\n\t\t\t\t\t\t<div class=\"elementor-container elementor-column-gap-default\">\n\t\t\t\t\t<div class=\"elementor-column elementor-col-50 elementor-top-column elementor-element elementor-element-4e15b11\" data-id=\"4e15b11\" data-element_type=\"column\">\n\t\t\t<div class=\"elementor-widget-wrap elementor-element-populated\">\n\t\t\t\t\t\t<div class=\"elementor-element elementor-element-880cf1f elementor-widget elementor-widget-heading\" data-id=\"880cf1f\" data-element_type=\"widget\" data-widget_type=\"heading.default\">\n\t\t\t\t<div class=\"elementor-widget-container\">\n\t\t\t\t\t<h1 class=\"elementor-heading-title elementor-size-default\">\u0412\u0430\u043c \u043d\u0443\u0436\u043d\u0430 \u043f\u043e\u043c\u043e\u0449\u044c \u0438\u043b\u0438 \u0435\u0441\u0442\u044c \u043a\u0430\u043a\u0438\u0435-\u0442\u043e \u0432\u043e\u043f\u0440\u043e\u0441\u044b?<br>\n<span class=\"fontcolor\">\u0421 \u0440\u0430\u0434\u043e\u0441\u0442\u044c\u044e \u0432\u0430\u043c \u043f\u043e\u043c\u043e\u0436\u0435\u043c!<\/span><\/h1>\t\t\t\t<\/div>\n\t\t\t\t<\/div>\n\t\t\t\t<div class=\"elementor-element elementor-element-da31ae3 elementor-widget-divider--view-line elementor-widget elementor-widget-divider\" data-id=\"da31ae3\" data-element_type=\"widget\" data-widget_type=\"divider.default\">\n\t\t\t\t<div class=\"elementor-widget-container\">\n\t\t\t\t\t\t\t<div class=\"elementor-divider\">\n\t\t\t<span class=\"elementor-divider-separator\">\n\t\t\t\t\t\t<\/span>\n\t\t<\/div>\n\t\t\t\t\t\t<\/div>\n\t\t\t\t<\/div>\n\t\t\t\t<div class=\"elementor-element elementor-element-d40bed0 elementor-widget elementor-widget-heading\" data-id=\"d40bed0\" data-element_type=\"widget\" data-widget_type=\"heading.default\">\n\t\t\t\t<div class=\"elementor-widget-container\">\n\t\t\t\t\t<p class=\"elementor-heading-title elementor-size-default\"><a href=\"mailto:+420%20799%20565%20977\">+420 799 565 977<\/a><\/p>\t\t\t\t<\/div>\n\t\t\t\t<\/div>\n\t\t\t\t<div class=\"elementor-element elementor-element-5e1ce8a elementor-widget elementor-widget-heading\" data-id=\"5e1ce8a\" data-element_type=\"widget\" data-widget_type=\"heading.default\">\n\t\t\t\t<div class=\"elementor-widget-container\">\n\t\t\t\t\t<p class=\"elementor-heading-title elementor-size-default\"><a href=\"mailto:info@buhgalter-praga.cz\">info@buhgalter-praga.cz<\/a><\/p>\t\t\t\t<\/div>\n\t\t\t\t<\/div>\n\t\t\t\t<div class=\"elementor-element elementor-element-f7e3c6f elementor-widget elementor-widget-text-editor\" data-id=\"f7e3c6f\" data-element_type=\"widget\" data-widget_type=\"text-editor.default\">\n\t\t\t\t<div class=\"elementor-widget-container\">\n\t\t\t\t\t\t\t\t\t<p><strong><span style=\"color: #f9a715;\">\u041d\u0430\u0448 \u0430\u0434\u0440\u0435\u0441:<\/span><br \/>V\u00e1clavsk\u00e9 n\u00e1m\u011bst\u00ed 831\/21, Nov\u00e9 M\u011bsto, 110 00 Praha 1<\/strong><\/p>\t\t\t\t\t\t\t\t<\/div>\n\t\t\t\t<\/div>\n\t\t\t\t\t<\/div>\n\t\t<\/div>\n\t\t\t\t<div class=\"elementor-column elementor-col-50 elementor-top-column elementor-element elementor-element-4abe88e\" data-id=\"4abe88e\" data-element_type=\"column\" data-settings=\"{&quot;background_background&quot;:&quot;gradient&quot;}\">\n\t\t\t<div class=\"elementor-widget-wrap elementor-element-populated\">\n\t\t\t\t\t\t<div class=\"elementor-element elementor-element-b6df4e6 elementor-widget elementor-widget-heading\" data-id=\"b6df4e6\" data-element_type=\"widget\" data-widget_type=\"heading.default\">\n\t\t\t\t<div class=\"elementor-widget-container\">\n\t\t\t\t\t<p class=\"elementor-heading-title elementor-size-default\">\u041e\u0441\u0442\u0430\u0432\u044c\u0442\u0435 \u0437\u0430\u044f\u0432\u043a\u0443 \u0438 \u043c\u044b \u0441 \u0432\u0430\u043c\u0438 \u0441\u0432\u044f\u0436\u0435\u043c\u0441\u044f<\/p>\t\t\t\t<\/div>\n\t\t\t\t<\/div>\n\t\t\t\t<div class=\"elementor-element elementor-element-bcf7a08 elementor-button-align-stretch elementor-widget elementor-widget-global elementor-global-1302 elementor-widget-form\" data-id=\"bcf7a08\" data-element_type=\"widget\" data-settings=\"{&quot;step_next_label&quot;:&quot;Next&quot;,&quot;step_previous_label&quot;:&quot;Previous&quot;,&quot;button_width&quot;:&quot;100&quot;,&quot;step_type&quot;:&quot;number_text&quot;,&quot;step_icon_shape&quot;:&quot;circle&quot;}\" data-widget_type=\"form.default\">\n\t\t\t\t<div class=\"elementor-widget-container\">\n\t\t\t\t\t\t\t<form class=\"elementor-form\" method=\"post\" name=\"\u041a\u043e\u043d\u0442\u0430\u043a\u0442\u043d\u0430\u044f \u0444\u043e\u0440\u043c\u0430\" aria-label=\"\u041a\u043e\u043d\u0442\u0430\u043a\u0442\u043d\u0430\u044f \u0444\u043e\u0440\u043c\u0430\">\n\t\t\t<input type=\"hidden\" name=\"post_id\" value=\"806\"\/>\n\t\t\t<input type=\"hidden\" name=\"form_id\" value=\"bcf7a08\"\/>\n\t\t\t<input type=\"hidden\" name=\"referer_title\" value=\"\u0411\u0443\u0445\u0433\u0430\u043b\u0442\u0435\u0440 \u0432 \u041f\u0440\u0430\u0433\u0435\" \/>\n\n\t\t\t\n\t\t\t<div class=\"elementor-form-fields-wrapper elementor-labels-\">\n\t\t\t\t\t\t\t\t<div class=\"elementor-field-type-text elementor-field-group elementor-column elementor-field-group-name elementor-col-100 elementor-field-required\">\n\t\t\t\t\t\t\t\t\t\t\t\t<label for=\"form-field-name\" class=\"elementor-field-label elementor-screen-only\">\n\t\t\t\t\t\t\t\t\u0418\u043c\u044f\t\t\t\t\t\t\t<\/label>\n\t\t\t\t\t\t\t\t\t\t\t\t\t\t<input size=\"1\" type=\"text\" name=\"form_fields[name]\" id=\"form-field-name\" class=\"elementor-field elementor-size-sm  elementor-field-textual\" placeholder=\"\u0418\u043c\u044f\" required=\"required\">\n\t\t\t\t\t\t\t\t\t\t\t<\/div>\n\t\t\t\t\t\t\t\t<div class=\"elementor-field-type-tel elementor-field-group elementor-column elementor-field-group-email elementor-col-50 elementor-sm-50 elementor-field-required\">\n\t\t\t\t\t\t\t\t\t\t\t\t<label for=\"form-field-email\" class=\"elementor-field-label elementor-screen-only\">\n\t\t\t\t\t\t\t\t\u0422\u0435\u043b\u0435\u0444\u043e\u043d\t\t\t\t\t\t\t<\/label>\n\t\t\t\t\t\t\t\t<input size=\"1\" type=\"tel\" name=\"form_fields[email]\" id=\"form-field-email\" class=\"elementor-field elementor-size-sm  elementor-field-textual\" placeholder=\"\u0422\u0435\u043b\u0435\u0444\u043e\u043d\" required=\"required\" pattern=\"[0-9()#&amp;+*-=.]+\" title=\"Only numbers and phone characters (#, -, *, etc) are accepted.\">\n\n\t\t\t\t\t\t<\/div>\n\t\t\t\t\t\t\t\t<div class=\"elementor-field-type-email elementor-field-group elementor-column elementor-field-group-field_927861c elementor-col-50 elementor-sm-50\">\n\t\t\t\t\t\t\t\t\t\t\t\t<label for=\"form-field-field_927861c\" class=\"elementor-field-label elementor-screen-only\">\n\t\t\t\t\t\t\t\tEmail\t\t\t\t\t\t\t<\/label>\n\t\t\t\t\t\t\t\t\t\t\t\t\t\t<input size=\"1\" type=\"email\" name=\"form_fields[field_927861c]\" id=\"form-field-field_927861c\" class=\"elementor-field elementor-size-sm  elementor-field-textual\" placeholder=\"Email\">\n\t\t\t\t\t\t\t\t\t\t\t<\/div>\n\t\t\t\t\t\t\t\t<div class=\"elementor-field-type-textarea elementor-field-group elementor-column elementor-field-group-message elementor-col-100\">\n\t\t\t\t\t\t\t\t\t\t\t\t<label for=\"form-field-message\" class=\"elementor-field-label elementor-screen-only\">\n\t\t\t\t\t\t\t\t\u0421\u043e\u043e\u0431\u0449\u0435\u043d\u0438\u0435\t\t\t\t\t\t\t<\/label>\n\t\t\t\t\t\t<textarea class=\"elementor-field-textual elementor-field  elementor-size-sm\" name=\"form_fields[message]\" id=\"form-field-message\" rows=\"4\" placeholder=\"\u0421\u043e\u043e\u0431\u0449\u0435\u043d\u0438\u0435\"><\/textarea>\t\t\t\t<\/div>\n\t\t\t\t\t\t\t\t<div class=\"elementor-field-type-text\">\n\t\t\t\t\t<input size=\"1\" type=\"text\" name=\"form_fields[field_42ffc46]\" id=\"form-field-field_42ffc46\" class=\"elementor-field elementor-size-sm \" style=\"display:none !important;\">\t\t\t\t<\/div>\n\t\t\t\t\t\t\t\t<div class=\"elementor-field-type-text\">\n\t\t\t\t\t<input size=\"1\" type=\"text\" name=\"form_fields[field_0d2a578]\" id=\"form-field-field_0d2a578\" class=\"elementor-field elementor-size-sm \" style=\"display:none !important;\">\t\t\t\t<\/div>\n\t\t\t\t\t\t\t\t<div class=\"elementor-field-type-text\">\n\t\t\t\t\t<input size=\"1\" type=\"text\" name=\"form_fields[field_a3265a4]\" id=\"form-field-field_a3265a4\" class=\"elementor-field elementor-size-sm \" style=\"display:none !important;\">\t\t\t\t<\/div>\n\t\t\t\t\t\t\t\t<div class=\"elementor-field-type-recaptcha_v3 elementor-field-group elementor-column elementor-field-group-field_8c9ebfc elementor-col-100 recaptcha_v3-bottomright\">\n\t\t\t\t\t<div class=\"elementor-field\" id=\"form-field-field_8c9ebfc\"><div class=\"elementor-g-recaptcha\" data-sitekey=\"6LepyZsaAAAAACGfP-fX_HZhn5lMLJXBHEkuvDXK\" data-type=\"v3\" data-action=\"Form\" data-badge=\"bottomright\" data-size=\"invisible\"><\/div><\/div>\t\t\t\t<\/div>\n\t\t\t\t\t\t\t\t<div class=\"elementor-field-group elementor-column elementor-field-type-submit elementor-col-100 e-form__buttons\">\n\t\t\t\t\t<button class=\"elementor-button elementor-size-sm\" type=\"submit\">\n\t\t\t\t\t\t<span class=\"elementor-button-content-wrapper\">\n\t\t\t\t\t\t\t\t\t\t\t\t\t\t\t\t\t\t\t\t\t\t<span class=\"elementor-button-text\">\u041e\u0441\u0442\u0430\u0432\u0438\u0442\u044c \u0437\u0430\u044f\u0432\u043a\u0443<\/span>\n\t\t\t\t\t\t\t\t\t\t\t\t\t<\/span>\n\t\t\t\t\t<\/button>\n\t\t\t\t<\/div>\n\t\t\t<\/div>\n\t\t<\/form>\n\t\t\t\t\t\t<\/div>\n\t\t\t\t<\/div>\n\t\t\t\t\t<\/div>\n\t\t<\/div>\n\t\t\t\t\t<\/div>\n\t\t<\/section>\n\t\t\t\t<\/div>\n\t\t","protected":false},"excerpt":{"rendered":"<p>\u0412\u0430\u043c \u043d\u0443\u0436\u043d\u0430 \u043f\u043e\u043c\u043e\u0449\u044c \u0438\u043b\u0438 \u0435\u0441\u0442\u044c \u043a\u0430\u043a\u0438\u0435-\u0442\u043e \u0432\u043e\u043f\u0440\u043e\u0441\u044b? \u0421 \u0440\u0430\u0434\u043e\u0441\u0442\u044c\u044e \u0432\u0430\u043c \u043f\u043e\u043c\u043e\u0436\u0435\u043c! +420 799 565 977 info@buhgalter-praga.cz \u041d\u0430\u0448 \u0430\u0434\u0440\u0435\u0441:V\u00e1clavsk\u00e9 n\u00e1m\u011bst\u00ed 831\/21, Nov\u00e9 M\u011bsto, 110 00 Praha 1 \u041e\u0441\u0442\u0430\u0432\u044c\u0442\u0435 \u0437\u0430\u044f\u0432\u043a\u0443 \u0438 \u043c\u044b \u0441 \u0432\u0430\u043c\u0438 \u0441\u0432\u044f\u0436\u0435\u043c\u0441\u044f<\/p>","protected":false},"author":1,"featured_media":132,"parent":0,"menu_order":0,"comment_status":"closed","ping_status":"closed","template":"","meta":{"footnotes":""},"class_list":["post-806","page","type-page","status-publish","has-post-thumbnail","hentry"],"acf":[],"yoast_head":"<!-- This site is optimized with the Yoast SEO plugin v27.5 - https:\/\/yoast.com\/product\/yoast-seo-wordpress\/ -->\n<title>\u041a\u043e\u043d\u0442\u0430\u043a\u0442 | \u0411\u0443\u0445\u0433\u0430\u043b\u0442\u0435\u0440 \u0432 \u041f\u0440\u0430\u0433\u0435<\/title>\n<meta name=\"description\" content=\"\u0412\u0430\u0448 \u0431\u0443\u0445\u0433\u0430\u043b\u0442\u0435\u0440 \u0432 \u041f\u0440\u0430\u0433\u0435. \u0412\u0441\u0435 \u0432\u0438\u0434\u044b \u0431\u0443\u0445\u0433\u0430\u043b\u0442\u0435\u0440\u0441\u043a\u0438\u0445 \u0443\u0441\u043b\u0443\u0433. \u041a\u043e\u043d\u0442\u0430\u043a\u0442\u0438\u0440\u0443\u0439\u0442\u0435 \u043d\u0430\u0441 \u0438 \u043c\u044b \u0432\u0430\u043c \u043f\u043e\u043c\u043e\u0436\u0435\u043c \u0432\u0435\u0441\u0442\u0438 \u043f\u0440\u0430\u0432\u0438\u043b\u044c\u043d\u043e \u0438 \u0431\u0435\u0437\u043e\u0448\u0438\u0431\u043e\u0447\u043d\u043e \u0431\u0443\u0445\u0433\u043b\u0430\u0442\u0435\u0440\u0438\u044e.\" \/>\n<meta name=\"robots\" content=\"index, follow, max-snippet:-1, max-image-preview:large, max-video-preview:-1\" \/>\n<link rel=\"canonical\" href=\"https:\/\/buhgalter-praga.cz\/en\/kontakt\/\" \/>\n<meta property=\"og:locale\" content=\"en_US\" \/>\n<meta property=\"og:type\" content=\"article\" \/>\n<meta property=\"og:title\" content=\"\u041a\u043e\u043d\u0442\u0430\u043a\u0442 | \u0411\u0443\u0445\u0433\u0430\u043b\u0442\u0435\u0440 \u0432 \u041f\u0440\u0430\u0433\u0435\" \/>\n<meta property=\"og:description\" content=\"\u0412\u0430\u0448 \u0431\u0443\u0445\u0433\u0430\u043b\u0442\u0435\u0440 \u0432 \u041f\u0440\u0430\u0433\u0435. \u0412\u0441\u0435 \u0432\u0438\u0434\u044b \u0431\u0443\u0445\u0433\u0430\u043b\u0442\u0435\u0440\u0441\u043a\u0438\u0445 \u0443\u0441\u043b\u0443\u0433. \u041a\u043e\u043d\u0442\u0430\u043a\u0442\u0438\u0440\u0443\u0439\u0442\u0435 \u043d\u0430\u0441 \u0438 \u043c\u044b \u0432\u0430\u043c \u043f\u043e\u043c\u043e\u0436\u0435\u043c \u0432\u0435\u0441\u0442\u0438 \u043f\u0440\u0430\u0432\u0438\u043b\u044c\u043d\u043e \u0438 \u0431\u0435\u0437\u043e\u0448\u0438\u0431\u043e\u0447\u043d\u043e \u0431\u0443\u0445\u0433\u043b\u0430\u0442\u0435\u0440\u0438\u044e.\" \/>\n<meta property=\"og:url\" content=\"https:\/\/buhgalter-praga.cz\/en\/kontakt\/\" \/>\n<meta property=\"og:site_name\" content=\"\u0411\u0443\u0445\u0433\u0430\u043b\u0442\u0435\u0440 \u0432 \u041f\u0440\u0430\u0433\u0435\" \/>\n<meta property=\"article:modified_time\" content=\"2026-04-24T21:06:23+00:00\" \/>\n<meta property=\"og:image\" content=\"https:\/\/buhgalter-praga.cz\/wp-content\/uploads\/2023\/06\/960x0.webp\" \/>\n\t<meta property=\"og:image:width\" content=\"960\" \/>\n\t<meta property=\"og:image:height\" content=\"640\" \/>\n\t<meta property=\"og:image:type\" content=\"image\/webp\" \/>\n<meta name=\"twitter:card\" content=\"summary_large_image\" \/>\n<meta name=\"twitter:label1\" content=\"Est. reading time\" \/>\n\t<meta name=\"twitter:data1\" content=\"1 minute\" \/>\n<script type=\"application\/ld+json\" class=\"yoast-schema-graph\">{\"@context\":\"https:\\\/\\\/schema.org\",\"@graph\":[{\"@type\":\"WebPage\",\"@id\":\"https:\\\/\\\/buhgalter-praga.cz\\\/kontakt\\\/\",\"url\":\"https:\\\/\\\/buhgalter-praga.cz\\\/kontakt\\\/\",\"name\":\"\u041a\u043e\u043d\u0442\u0430\u043a\u0442 | \u0411\u0443\u0445\u0433\u0430\u043b\u0442\u0435\u0440 \u0432 \u041f\u0440\u0430\u0433\u0435\",\"isPartOf\":{\"@id\":\"https:\\\/\\\/buhgalter-praga.cz\\\/#website\"},\"primaryImageOfPage\":{\"@id\":\"https:\\\/\\\/buhgalter-praga.cz\\\/kontakt\\\/#primaryimage\"},\"image\":{\"@id\":\"https:\\\/\\\/buhgalter-praga.cz\\\/kontakt\\\/#primaryimage\"},\"thumbnailUrl\":\"https:\\\/\\\/buhgalter-praga.cz\\\/wp-content\\\/uploads\\\/2023\\\/06\\\/960x0.webp\",\"datePublished\":\"2023-10-06T15:55:18+00:00\",\"dateModified\":\"2026-04-24T21:06:23+00:00\",\"description\":\"\u0412\u0430\u0448 \u0431\u0443\u0445\u0433\u0430\u043b\u0442\u0435\u0440 \u0432 \u041f\u0440\u0430\u0433\u0435. \u0412\u0441\u0435 \u0432\u0438\u0434\u044b \u0431\u0443\u0445\u0433\u0430\u043b\u0442\u0435\u0440\u0441\u043a\u0438\u0445 \u0443\u0441\u043b\u0443\u0433. \u041a\u043e\u043d\u0442\u0430\u043a\u0442\u0438\u0440\u0443\u0439\u0442\u0435 \u043d\u0430\u0441 \u0438 \u043c\u044b \u0432\u0430\u043c \u043f\u043e\u043c\u043e\u0436\u0435\u043c \u0432\u0435\u0441\u0442\u0438 \u043f\u0440\u0430\u0432\u0438\u043b\u044c\u043d\u043e \u0438 \u0431\u0435\u0437\u043e\u0448\u0438\u0431\u043e\u0447\u043d\u043e \u0431\u0443\u0445\u0433\u043b\u0430\u0442\u0435\u0440\u0438\u044e.\",\"breadcrumb\":{\"@id\":\"https:\\\/\\\/buhgalter-praga.cz\\\/kontakt\\\/#breadcrumb\"},\"inLanguage\":\"en-US\",\"potentialAction\":[{\"@type\":\"ReadAction\",\"target\":[\"https:\\\/\\\/buhgalter-praga.cz\\\/kontakt\\\/\"]}]},{\"@type\":\"ImageObject\",\"inLanguage\":\"en-US\",\"@id\":\"https:\\\/\\\/buhgalter-praga.cz\\\/kontakt\\\/#primaryimage\",\"url\":\"https:\\\/\\\/buhgalter-praga.cz\\\/wp-content\\\/uploads\\\/2023\\\/06\\\/960x0.webp\",\"contentUrl\":\"https:\\\/\\\/buhgalter-praga.cz\\\/wp-content\\\/uploads\\\/2023\\\/06\\\/960x0.webp\",\"width\":960,\"height\":640,\"caption\":\"\u0411\u0443\u0445\u0433\u0430\u043b\u0442\u0435\u0440 \u041f\u0440\u0430\u0433\u0430\"},{\"@type\":\"BreadcrumbList\",\"@id\":\"https:\\\/\\\/buhgalter-praga.cz\\\/kontakt\\\/#breadcrumb\",\"itemListElement\":[{\"@type\":\"ListItem\",\"position\":1,\"name\":\"\u041d\u0430 \u0433\u043b\u0430\u0432\u043d\u0443\u044e\",\"item\":\"https:\\\/\\\/buhgalter-praga.cz\\\/\"},{\"@type\":\"ListItem\",\"position\":2,\"name\":\"\u041a\u043e\u043d\u0442\u0430\u043a\u0442\"}]},{\"@type\":\"WebSite\",\"@id\":\"https:\\\/\\\/buhgalter-praga.cz\\\/#website\",\"url\":\"https:\\\/\\\/buhgalter-praga.cz\\\/\",\"name\":\"\u0411\u0443\u0445\u0433\u0430\u043b\u0442\u0435\u0440 \u0432 \u041f\u0440\u0430\u0433\u0435\",\"description\":\"\u041f\u0440\u043e\u0444\u0435\u0441\u0441\u0438\u043e\u043d\u0430\u043b\u044c\u043d\u043e\u0435 \u0432\u0435\u0434\u0435\u043d\u0438\u0435 \u0431\u0443\u0445\u0433\u0430\u043b\u0442\u0435\u0440\u0438\u0438, \u043d\u0430\u043b\u043e\u0433\u043e\u0432\u0430\u044f \u043a\u043e\u043d\u0441\u0443\u043b\u044c\u0442\u0430\u0446\u0438\u044f \u0438 \u0444\u0438\u043d\u0430\u043d\u0441\u043e\u0432\u043e\u0435 \u0441\u043e\u043f\u0440\u043e\u0432\u043e\u0436\u0434\u0435\u043d\u0438\u0435 \u0434\u043b\u044f \u0432\u0430\u0448\u0435\u0433\u043e \u0431\u0438\u0437\u043d\u0435\u0441\u0430.\",\"publisher\":{\"@id\":\"https:\\\/\\\/buhgalter-praga.cz\\\/#organization\"},\"potentialAction\":[{\"@type\":\"SearchAction\",\"target\":{\"@type\":\"EntryPoint\",\"urlTemplate\":\"https:\\\/\\\/buhgalter-praga.cz\\\/?s={search_term_string}\"},\"query-input\":{\"@type\":\"PropertyValueSpecification\",\"valueRequired\":true,\"valueName\":\"search_term_string\"}}],\"inLanguage\":\"en-US\"},{\"@type\":\"Organization\",\"@id\":\"https:\\\/\\\/buhgalter-praga.cz\\\/#organization\",\"name\":\"\u0411\u0443\u0445\u0433\u0430\u043b\u0442\u0435\u0440 \u0432 \u041f\u0440\u0430\u0433\u0435\",\"url\":\"https:\\\/\\\/buhgalter-praga.cz\\\/\",\"logo\":{\"@type\":\"ImageObject\",\"inLanguage\":\"en-US\",\"@id\":\"https:\\\/\\\/buhgalter-praga.cz\\\/#\\\/schema\\\/logo\\\/image\\\/\",\"url\":\"\",\"contentUrl\":\"\",\"caption\":\"\u0411\u0443\u0445\u0433\u0430\u043b\u0442\u0435\u0440 \u0432 \u041f\u0440\u0430\u0433\u0435\"},\"image\":{\"@id\":\"https:\\\/\\\/buhgalter-praga.cz\\\/#\\\/schema\\\/logo\\\/image\\\/\"}}]}<\/script>\n<!-- \/ Yoast SEO plugin. -->","yoast_head_json":{"title":"Contact | Accountant in Prague","description":"Your accountant in Prague. All kinds of accounting services. Contact us and we will help you to keep correct and error-free bookkeeping.","robots":{"index":"index","follow":"follow","max-snippet":"max-snippet:-1","max-image-preview":"max-image-preview:large","max-video-preview":"max-video-preview:-1"},"canonical":"https:\/\/buhgalter-praga.cz\/en\/kontakt\/","og_locale":"en_US","og_type":"article","og_title":"\u041a\u043e\u043d\u0442\u0430\u043a\u0442 | \u0411\u0443\u0445\u0433\u0430\u043b\u0442\u0435\u0440 \u0432 \u041f\u0440\u0430\u0433\u0435","og_description":"\u0412\u0430\u0448 \u0431\u0443\u0445\u0433\u0430\u043b\u0442\u0435\u0440 \u0432 \u041f\u0440\u0430\u0433\u0435. \u0412\u0441\u0435 \u0432\u0438\u0434\u044b \u0431\u0443\u0445\u0433\u0430\u043b\u0442\u0435\u0440\u0441\u043a\u0438\u0445 \u0443\u0441\u043b\u0443\u0433. \u041a\u043e\u043d\u0442\u0430\u043a\u0442\u0438\u0440\u0443\u0439\u0442\u0435 \u043d\u0430\u0441 \u0438 \u043c\u044b \u0432\u0430\u043c \u043f\u043e\u043c\u043e\u0436\u0435\u043c \u0432\u0435\u0441\u0442\u0438 \u043f\u0440\u0430\u0432\u0438\u043b\u044c\u043d\u043e \u0438 \u0431\u0435\u0437\u043e\u0448\u0438\u0431\u043e\u0447\u043d\u043e \u0431\u0443\u0445\u0433\u043b\u0430\u0442\u0435\u0440\u0438\u044e.","og_url":"https:\/\/buhgalter-praga.cz\/en\/kontakt\/","og_site_name":"\u0411\u0443\u0445\u0433\u0430\u043b\u0442\u0435\u0440 \u0432 \u041f\u0440\u0430\u0433\u0435","article_modified_time":"2026-04-24T21:06:23+00:00","og_image":[{"width":960,"height":640,"url":"https:\/\/buhgalter-praga.cz\/wp-content\/uploads\/2023\/06\/960x0.webp","type":"image\/webp"}],"twitter_card":"summary_large_image","twitter_misc":{"Est. reading time":"1 minute"},"schema":{"@context":"https:\/\/schema.org","@graph":[{"@type":"WebPage","@id":"https:\/\/buhgalter-praga.cz\/kontakt\/","url":"https:\/\/buhgalter-praga.cz\/kontakt\/","name":"Contact | Accountant in Prague","isPartOf":{"@id":"https:\/\/buhgalter-praga.cz\/#website"},"primaryImageOfPage":{"@id":"https:\/\/buhgalter-praga.cz\/kontakt\/#primaryimage"},"image":{"@id":"https:\/\/buhgalter-praga.cz\/kontakt\/#primaryimage"},"thumbnailUrl":"https:\/\/buhgalter-praga.cz\/wp-content\/uploads\/2023\/06\/960x0.webp","datePublished":"2023-10-06T15:55:18+00:00","dateModified":"2026-04-24T21:06:23+00:00","description":"Your accountant in Prague. All kinds of accounting services. Contact us and we will help you to keep correct and error-free bookkeeping.","breadcrumb":{"@id":"https:\/\/buhgalter-praga.cz\/kontakt\/#breadcrumb"},"inLanguage":"en-US","potentialAction":[{"@type":"ReadAction","target":["https:\/\/buhgalter-praga.cz\/kontakt\/"]}]},{"@type":"ImageObject","inLanguage":"en-US","@id":"https:\/\/buhgalter-praga.cz\/kontakt\/#primaryimage","url":"https:\/\/buhgalter-praga.cz\/wp-content\/uploads\/2023\/06\/960x0.webp","contentUrl":"https:\/\/buhgalter-praga.cz\/wp-content\/uploads\/2023\/06\/960x0.webp","width":960,"height":640,"caption":"\u0411\u0443\u0445\u0433\u0430\u043b\u0442\u0435\u0440 \u041f\u0440\u0430\u0433\u0430"},{"@type":"BreadcrumbList","@id":"https:\/\/buhgalter-praga.cz\/kontakt\/#breadcrumb","itemListElement":[{"@type":"ListItem","position":1,"name":"\u041d\u0430 \u0433\u043b\u0430\u0432\u043d\u0443\u044e","item":"https:\/\/buhgalter-praga.cz\/"},{"@type":"ListItem","position":2,"name":"\u041a\u043e\u043d\u0442\u0430\u043a\u0442"}]},{"@type":"WebSite","@id":"https:\/\/buhgalter-praga.cz\/#website","url":"https:\/\/buhgalter-praga.cz\/","name":"Accountant in Prague","description":"Professional bookkeeping, tax advice and financial support for your business.","publisher":{"@id":"https:\/\/buhgalter-praga.cz\/#organization"},"potentialAction":[{"@type":"SearchAction","target":{"@type":"EntryPoint","urlTemplate":"https:\/\/buhgalter-praga.cz\/?s={search_term_string}"},"query-input":{"@type":"PropertyValueSpecification","valueRequired":true,"valueName":"search_term_string"}}],"inLanguage":"en-US"},{"@type":"Organization","@id":"https:\/\/buhgalter-praga.cz\/#organization","name":"Accountant in Prague","url":"https:\/\/buhgalter-praga.cz\/","logo":{"@type":"ImageObject","inLanguage":"en-US","@id":"https:\/\/buhgalter-praga.cz\/#\/schema\/logo\/image\/","url":"","contentUrl":"","caption":"\u0411\u0443\u0445\u0433\u0430\u043b\u0442\u0435\u0440 \u0432 \u041f\u0440\u0430\u0433\u0435"},"image":{"@id":"https:\/\/buhgalter-praga.cz\/#\/schema\/logo\/image\/"}}]}},"_links":{"self":[{"href":"https:\/\/buhgalter-praga.cz\/en\/wp-json\/wp\/v2\/pages\/806","targetHints":{"allow":["GET"]}}],"collection":[{"href":"https:\/\/buhgalter-praga.cz\/en\/wp-json\/wp\/v2\/pages"}],"about":[{"href":"https:\/\/buhgalter-praga.cz\/en\/wp-json\/wp\/v2\/types\/page"}],"author":[{"embeddable":true,"href":"https:\/\/buhgalter-praga.cz\/en\/wp-json\/wp\/v2\/users\/1"}],"replies":[{"embeddable":true,"href":"https:\/\/buhgalter-praga.cz\/en\/wp-json\/wp\/v2\/comments?post=806"}],"version-history":[{"count":8,"href":"https:\/\/buhgalter-praga.cz\/en\/wp-json\/wp\/v2\/pages\/806\/revisions"}],"predecessor-version":[{"id":1500,"href":"https:\/\/buhgalter-praga.cz\/en\/wp-json\/wp\/v2\/pages\/806\/revisions\/1500"}],"wp:featuredmedia":[{"embeddable":true,"href":"https:\/\/buhgalter-praga.cz\/en\/wp-json\/wp\/v2\/media\/132"}],"wp:attachment":[{"href":"https:\/\/buhgalter-praga.cz\/en\/wp-json\/wp\/v2\/media?parent=806"}],"curies":[{"name":"wp","href":"https:\/\/api.w.org\/{rel}","templated":true}]}}